{"id":4448,"date":"2021-05-02T15:23:59","date_gmt":"2021-05-02T13:23:59","guid":{"rendered":"https:\/\/visitvrhnika.si\/en\/?post_type=product&#038;p=4448"},"modified":"2021-10-21T16:53:45","modified_gmt":"2021-10-21T14:53:45","slug":"enamelled-coffee-pot","status":"publish","type":"product","link":"https:\/\/visitvrhnika.si\/en\/product\/enamelled-coffee-pot\/","title":{"rendered":"Enamelled coffee pot"},"content":{"rendered":"<p>Emajliran lon\u010dek z zabavnim potiskom in nostalgi\u010dnim prizvokom. Lon\u010dek EMO je slovenskega porekla, primeren tudi za indukcijo, \u0161e najbolj pa za klasi\u010den \u0161porget na drva.<\/p>\n<p>&nbsp;<\/p>\n<p><em>Produkt lahko kupite pri:<\/em><\/p>\n<ul>\n<li style=\"list-style-type: none;\">\n<ul>\n<li><a href=\"https:\/\/visitvrhnika.si\/en\/lokacije\/tic-vrhnika\/\"><strong>TIC Vrhnika<\/strong><\/a><\/li>\n<\/ul>\n<\/li>\n<\/ul>\n","protected":false},"excerpt":{"rendered":"<p>Emajliran lon\u010dek z zabavnim potiskom in nostalgi\u010dnim prizvokom.<\/p>\n<p>&nbsp;<\/p>\n<p><em>Produkt lahko kupite pri:<\/em><\/p>\n<ul>\n<li style=\"list-style-type: none;\">\n<ul>\n<li><a href=\"https:\/\/visitvrhnika.si\/en\/lokacije\/tic-vrhnika\/\"><strong>TIC Vrhnika<\/strong><\/a><\/li>\n<\/ul>\n<\/li>\n<\/ul>\n","protected":false},"featured_media":4553,"template":"","meta":{"inline_featured_image":false},"product_brand":[],"product_cat":[423,418,439],"product_tag":[420],"class_list":{"0":"post-4448","1":"product","2":"type-product","3":"status-publish","4":"has-post-thumbnail","6":"product_cat-coffee","7":"product_cat-ivan-cankar","8":"product_cat-pots-and-cups","9":"product_tag-coffee","11":"first","12":"instock","13":"featured","14":"shipping-taxable","15":"purchasable","16":"product-type-variable"},"acf":[],"_links":{"self":[{"href":"https:\/\/visitvrhnika.si\/en\/wp-json\/wp\/v2\/product\/4448","targetHints":{"allow":["GET"]}}],"collection":[{"href":"https:\/\/visitvrhnika.si\/en\/wp-json\/wp\/v2\/product"}],"about":[{"href":"https:\/\/visitvrhnika.si\/en\/wp-json\/wp\/v2\/types\/product"}],"wp:featuredmedia":[{"embeddable":true,"href":"https:\/\/visitvrhnika.si\/en\/wp-json\/wp\/v2\/media\/4553"}],"wp:attachment":[{"href":"https:\/\/visitvrhnika.si\/en\/wp-json\/wp\/v2\/media?parent=4448"}],"wp:term":[{"taxonomy":"product_brand","embeddable":true,"href":"https:\/\/visitvrhnika.si\/en\/wp-json\/wp\/v2\/product_brand?post=4448"},{"taxonomy":"product_cat","embeddable":true,"href":"https:\/\/visitvrhnika.si\/en\/wp-json\/wp\/v2\/product_cat?post=4448"},{"taxonomy":"product_tag","embeddable":true,"href":"https:\/\/visitvrhnika.si\/en\/wp-json\/wp\/v2\/product_tag?post=4448"}],"curies":[{"name":"wp","href":"https:\/\/api.w.org\/{rel}","templated":true}]}}