{"id":4442,"date":"2021-05-02T15:13:32","date_gmt":"2021-05-02T13:13:32","guid":{"rendered":"https:\/\/visitvrhnika.si\/en\/?post_type=product&#038;p=4442"},"modified":"2021-10-21T16:53:29","modified_gmt":"2021-10-21T14:53:29","slug":"board-game-klanec","status":"publish","type":"product","link":"https:\/\/visitvrhnika.si\/en\/product\/board-game-klanec\/","title":{"rendered":"Board game Klanec"},"content":{"rendered":"<p>Klanec je dru\u017eabna igra na temo Ivana Cankarja, s katero lahko na spro\u0161\u010den in zabaven na\u010din preizkusite, kako dobro poznate Cankarja, ali izveste \u0161e kaj novega.<\/p>\n<ul>\n<li style=\"list-style-type: none;\">\n<ul>\n<li>Primerno za otroke <strong>12+<\/strong><\/li>\n<\/ul>\n<\/li>\n<\/ul>\n<p>&nbsp;<\/p>\n<p><em>Produkt lahko kupite pri:<\/em><\/p>\n<ul>\n<li style=\"list-style-type: none;\">\n<ul>\n<li><a href=\"https:\/\/visitvrhnika.si\/en\/lokacije\/tic-vrhnika\/\"><strong>TIC Vrhnika<\/strong><\/a><\/li>\n<\/ul>\n<\/li>\n<\/ul>\n","protected":false},"excerpt":{"rendered":"<p>Klanec je dru\u017eabna igra na temo Ivana Cankarja, s katero lahko na spro\u0161\u010den in zabaven na\u010din preizkusite, kako dobro poznate Cankarja, ali izveste \u0161e kaj novega.<\/p>\n<ul>\n<li style=\"list-style-type: none;\">\n<ul>\n<li>Primerno za otroke <strong>12+<\/strong><\/li>\n<\/ul>\n<\/li>\n<\/ul>\n<p>&nbsp;<\/p>\n<p><em>Produkt lahko kupite pri:<\/em><\/p>\n<ul>\n<li style=\"list-style-type: none;\">\n<ul>\n<li><a href=\"https:\/\/visitvrhnika.si\/en\/lokacije\/tic-vrhnika\/\"><strong>TIC Vrhnika<\/strong><\/a><\/li>\n<\/ul>\n<\/li>\n<\/ul>\n","protected":false},"featured_media":4577,"template":"","meta":{"inline_featured_image":false},"product_brand":[],"product_cat":[443,418],"product_tag":[428],"class_list":{"0":"post-4442","1":"product","2":"type-product","3":"status-publish","4":"has-post-thumbnail","6":"product_cat-board-games","7":"product_cat-ivan-cankar","8":"product_tag-toy","10":"first","11":"instock","12":"shipping-taxable","13":"purchasable","14":"product-type-simple"},"acf":[],"_links":{"self":[{"href":"https:\/\/visitvrhnika.si\/en\/wp-json\/wp\/v2\/product\/4442","targetHints":{"allow":["GET"]}}],"collection":[{"href":"https:\/\/visitvrhnika.si\/en\/wp-json\/wp\/v2\/product"}],"about":[{"href":"https:\/\/visitvrhnika.si\/en\/wp-json\/wp\/v2\/types\/product"}],"wp:featuredmedia":[{"embeddable":true,"href":"https:\/\/visitvrhnika.si\/en\/wp-json\/wp\/v2\/media\/4577"}],"wp:attachment":[{"href":"https:\/\/visitvrhnika.si\/en\/wp-json\/wp\/v2\/media?parent=4442"}],"wp:term":[{"taxonomy":"product_brand","embeddable":true,"href":"https:\/\/visitvrhnika.si\/en\/wp-json\/wp\/v2\/product_brand?post=4442"},{"taxonomy":"product_cat","embeddable":true,"href":"https:\/\/visitvrhnika.si\/en\/wp-json\/wp\/v2\/product_cat?post=4442"},{"taxonomy":"product_tag","embeddable":true,"href":"https:\/\/visitvrhnika.si\/en\/wp-json\/wp\/v2\/product_tag?post=4442"}],"curies":[{"name":"wp","href":"https:\/\/api.w.org\/{rel}","templated":true}]}}