{"id":4436,"date":"2021-05-02T15:04:04","date_gmt":"2021-05-02T13:04:04","guid":{"rendered":"https:\/\/visitvrhnika.si\/en\/?post_type=product&#038;p=4436"},"modified":"2021-10-21T16:54:40","modified_gmt":"2021-10-21T14:54:40","slug":"chocolate-bag","status":"publish","type":"product","link":"https:\/\/visitvrhnika.si\/en\/product\/chocolate-bag\/","title":{"rendered":"Chocolate bag"},"content":{"rendered":"<p>\u010cokoladna vre\u010dka z mini \u010dokoladicami<\/p>\n<p><strong>20 \u010dokoladic<\/strong><\/p>\n<p>&nbsp;<\/p>\n<p><em>Produkt lahko kupite pri:<\/em><\/p>\n<ul>\n<li style=\"list-style-type: none;\">\n<ul>\n<li><a href=\"https:\/\/visitvrhnika.si\/en\/lokacije\/tic-vrhnika\/\"><strong>TIC Vrhnika<\/strong><\/a><\/li>\n<\/ul>\n<\/li>\n<\/ul>\n","protected":false},"excerpt":{"rendered":"<p>\u010cokoladna vre\u010dka z mini \u010dokoladicami<\/p>\n<p><strong>20 \u010dokoladic<\/strong><\/p>\n<p>&nbsp;<\/p>\n<p><em>Produkt lahko kupite pri:<\/em><\/p>\n<ul>\n<li style=\"list-style-type: none;\">\n<ul>\n<li><a href=\"https:\/\/visitvrhnika.si\/en\/lokacije\/tic-vrhnika\/\"><strong>TIC Vrhnika<\/strong><\/a><\/li>\n<\/ul>\n<\/li>\n<\/ul>\n","protected":false},"featured_media":4438,"template":"","meta":{"inline_featured_image":false},"product_brand":[],"product_cat":[441,15],"product_tag":[419],"class_list":{"0":"post-4436","1":"product","2":"type-product","3":"status-publish","4":"has-post-thumbnail","6":"product_cat-sweets","7":"product_cat-vrhnika","8":"product_tag-sweet","10":"first","11":"instock","12":"shipping-taxable","13":"purchasable","14":"product-type-simple"},"acf":[],"_links":{"self":[{"href":"https:\/\/visitvrhnika.si\/en\/wp-json\/wp\/v2\/product\/4436","targetHints":{"allow":["GET"]}}],"collection":[{"href":"https:\/\/visitvrhnika.si\/en\/wp-json\/wp\/v2\/product"}],"about":[{"href":"https:\/\/visitvrhnika.si\/en\/wp-json\/wp\/v2\/types\/product"}],"wp:featuredmedia":[{"embeddable":true,"href":"https:\/\/visitvrhnika.si\/en\/wp-json\/wp\/v2\/media\/4438"}],"wp:attachment":[{"href":"https:\/\/visitvrhnika.si\/en\/wp-json\/wp\/v2\/media?parent=4436"}],"wp:term":[{"taxonomy":"product_brand","embeddable":true,"href":"https:\/\/visitvrhnika.si\/en\/wp-json\/wp\/v2\/product_brand?post=4436"},{"taxonomy":"product_cat","embeddable":true,"href":"https:\/\/visitvrhnika.si\/en\/wp-json\/wp\/v2\/product_cat?post=4436"},{"taxonomy":"product_tag","embeddable":true,"href":"https:\/\/visitvrhnika.si\/en\/wp-json\/wp\/v2\/product_tag?post=4436"}],"curies":[{"name":"wp","href":"https:\/\/api.w.org\/{rel}","templated":true}]}}