{"id":4409,"date":"2021-05-02T13:08:28","date_gmt":"2021-05-02T11:08:28","guid":{"rendered":"https:\/\/visitvrhnika.si\/en\/?post_type=product&#038;p=4409"},"modified":"2021-10-21T16:57:46","modified_gmt":"2021-10-21T14:57:46","slug":"cankars-coffee-set","status":"publish","type":"product","link":"https:\/\/visitvrhnika.si\/en\/product\/cankars-coffee-set\/","title":{"rendered":"Cankar&#8217;s Coffee Set"},"content":{"rendered":"<p><strong>Cankarjeva \u010drtica &#8220;Skodelica kave&#8221; je navdih za izdelek, ki smo ga poimenovali Kavni komplet. <\/strong><\/p>\n<p>Komplet vsebuje:<\/p>\n<ul>\n<li>dve beli porcelanasti skodelici (80 ml) s kro\u017enikom.<\/li>\n<li>Na zunanji strani skodelice tisk s Cankarjevim podpisom, v notranjosti skodelice napis Vrhnika.<\/li>\n<li>Komplet vsebuje tudi sve\u017ee pra\u017eeno Cankarjevo kavo (150 g) podjetja Escobar<\/li>\n<li>in izvrstno Cankarjevo \u010dokolado, ki vsebuje kavo (74 % kakavovih delcev in 20 % Cankarjeve kave Escobar).<\/li>\n<\/ul>\n<p>\u0160atulja za kavni komplet je ro\u010dno narejena po meri izdelkov in je primerna za varno preva\u017eanje. Na prvi strani kompleta je izpisan citat iz slavne Cankarjeve \u010drtice Skodelica kave.<\/p>\n<p>&nbsp;<\/p>\n<p><em>Komplet lahko kupite pri:<\/em><\/p>\n<ul>\n<li style=\"list-style-type: none;\">\n<ul>\n<li><a href=\"https:\/\/visitvrhnika.si\/en\/lokacije\/tic-vrhnika\/\"><strong>TIC Vrhnika<\/strong><\/a><\/li>\n<\/ul>\n<\/li>\n<\/ul>\n","protected":false},"excerpt":{"rendered":"<p>Komplet vsebuje:<\/p>\n<ul>\n<li>dve beli porcelanasti skodelici (80 ml) s kro\u017enikom.<\/li>\n<li>Na zunanji strani skodelice tisk s Cankarjevim podpisom, v notranjosti skodelice napis Vrhnika.<\/li>\n<li>Komplet vsebuje tudi sve\u017ee pra\u017eeno Cankarjevo kavo (150 g) podjetja Escobar<\/li>\n<li>in izvrstno Cankarjevo \u010dokolado, ki vsebuje kavo (74 % kakavovih delcev in 20 % Cankarjeve kave Escobar).<\/li>\n<\/ul>\n<p>&nbsp;<\/p>\n<p><em>Komplet lahko kupite pri:<\/em><\/p>\n<ul>\n<li style=\"list-style-type: none;\">\n<ul>\n<li><a href=\"https:\/\/visitvrhnika.si\/en\/lokacije\/tic-vrhnika\/\"><strong>TIC Vrhnika<\/strong><\/a><\/li>\n<\/ul>\n<\/li>\n<\/ul>\n","protected":false},"featured_media":4557,"template":"","meta":{"inline_featured_image":false},"product_brand":[],"product_cat":[423,418,439],"product_tag":[420,419],"class_list":{"0":"post-4409","1":"product","2":"type-product","3":"status-publish","4":"has-post-thumbnail","6":"product_cat-coffee","7":"product_cat-ivan-cankar","8":"product_cat-pots-and-cups","9":"product_tag-coffee","10":"product_tag-sweet","12":"first","13":"instock","14":"featured","15":"shipping-taxable","16":"purchasable","17":"product-type-simple"},"acf":[],"_links":{"self":[{"href":"https:\/\/visitvrhnika.si\/en\/wp-json\/wp\/v2\/product\/4409","targetHints":{"allow":["GET"]}}],"collection":[{"href":"https:\/\/visitvrhnika.si\/en\/wp-json\/wp\/v2\/product"}],"about":[{"href":"https:\/\/visitvrhnika.si\/en\/wp-json\/wp\/v2\/types\/product"}],"wp:featuredmedia":[{"embeddable":true,"href":"https:\/\/visitvrhnika.si\/en\/wp-json\/wp\/v2\/media\/4557"}],"wp:attachment":[{"href":"https:\/\/visitvrhnika.si\/en\/wp-json\/wp\/v2\/media?parent=4409"}],"wp:term":[{"taxonomy":"product_brand","embeddable":true,"href":"https:\/\/visitvrhnika.si\/en\/wp-json\/wp\/v2\/product_brand?post=4409"},{"taxonomy":"product_cat","embeddable":true,"href":"https:\/\/visitvrhnika.si\/en\/wp-json\/wp\/v2\/product_cat?post=4409"},{"taxonomy":"product_tag","embeddable":true,"href":"https:\/\/visitvrhnika.si\/en\/wp-json\/wp\/v2\/product_tag?post=4409"}],"curies":[{"name":"wp","href":"https:\/\/api.w.org\/{rel}","templated":true}]}}