{"id":4407,"date":"2021-05-02T13:00:04","date_gmt":"2021-05-02T11:00:04","guid":{"rendered":"https:\/\/visitvrhnika.si\/en\/?post_type=product&#038;p=4407"},"modified":"2021-10-21T16:58:02","modified_gmt":"2021-10-21T14:58:02","slug":"a-cup-of-dried-pears-with-chocolate","status":"publish","type":"product","link":"https:\/\/visitvrhnika.si\/en\/product\/a-cup-of-dried-pears-with-chocolate\/","title":{"rendered":"A cup of dried pears with chocolate"},"content":{"rendered":"<p>Krhlji suhih hru\u0161k so obliti s temno \u010dokolado (70 % kakavovih delcev) in so prav poseben kulinari\u010dni u\u017eitek.<\/p>\n<p>Papirnati pehar, popisan s Cankarjevimi rokopisi, je \u010dudovito darilo za doma\u010de in tuje goste.<\/p>\n<div class=\"woocommerce-product-details__short-description\">\n<p>&nbsp;<\/p>\n<p><em>Produkt lahko kupite pri:<\/em><\/p>\n<ul>\n<li style=\"list-style-type: none;\">\n<ul>\n<li><a href=\"https:\/\/visitvrhnika.si\/en\/lokacije\/tic-vrhnika\/\"><strong>TIC Vrhnika<\/strong><\/a><\/li>\n<\/ul>\n<\/li>\n<\/ul>\n<\/div>\n","protected":false},"excerpt":{"rendered":"<p>Pehar skriva v sebi sladke hru\u0161ke s <a href=\"#\"><strong>Posestva Passero<\/strong><\/a> ter Cankarjevo \u010drtico.<\/p>\n<p>&nbsp;<\/p>\n<p><em>Produkt lahko kupite pri:<\/em><\/p>\n<ul>\n<li style=\"list-style-type: none;\">\n<ul>\n<li><a href=\"https:\/\/visitvrhnika.si\/en\/lokacije\/tic-vrhnika\/\"><strong>TIC Vrhnika<\/strong><\/a><\/li>\n<\/ul>\n<\/li>\n<\/ul>\n","protected":false},"featured_media":4569,"template":"","meta":{"inline_featured_image":false},"product_brand":[],"product_cat":[418,15],"product_tag":[274,419],"class_list":{"0":"post-4407","1":"product","2":"type-product","3":"status-publish","4":"has-post-thumbnail","6":"product_cat-ivan-cankar","7":"product_cat-vrhnika","8":"product_tag-local","9":"product_tag-sweet","11":"first","12":"instock","13":"featured","14":"shipping-taxable","15":"purchasable","16":"product-type-simple"},"acf":[],"_links":{"self":[{"href":"https:\/\/visitvrhnika.si\/en\/wp-json\/wp\/v2\/product\/4407","targetHints":{"allow":["GET"]}}],"collection":[{"href":"https:\/\/visitvrhnika.si\/en\/wp-json\/wp\/v2\/product"}],"about":[{"href":"https:\/\/visitvrhnika.si\/en\/wp-json\/wp\/v2\/types\/product"}],"wp:featuredmedia":[{"embeddable":true,"href":"https:\/\/visitvrhnika.si\/en\/wp-json\/wp\/v2\/media\/4569"}],"wp:attachment":[{"href":"https:\/\/visitvrhnika.si\/en\/wp-json\/wp\/v2\/media?parent=4407"}],"wp:term":[{"taxonomy":"product_brand","embeddable":true,"href":"https:\/\/visitvrhnika.si\/en\/wp-json\/wp\/v2\/product_brand?post=4407"},{"taxonomy":"product_cat","embeddable":true,"href":"https:\/\/visitvrhnika.si\/en\/wp-json\/wp\/v2\/product_cat?post=4407"},{"taxonomy":"product_tag","embeddable":true,"href":"https:\/\/visitvrhnika.si\/en\/wp-json\/wp\/v2\/product_tag?post=4407"}],"curies":[{"name":"wp","href":"https:\/\/api.w.org\/{rel}","templated":true}]}}