{"id":2715,"date":"2021-01-31T12:32:00","date_gmt":"2021-01-31T11:32:00","guid":{"rendered":"https:\/\/visitvrhnika.si\/en\/?post_type=product&#038;p=2715"},"modified":"2021-10-21T16:58:37","modified_gmt":"2021-10-21T14:58:37","slug":"house-blend-escobar-100g","status":"publish","type":"product","link":"https:\/\/visitvrhnika.si\/en\/product\/house-blend-escobar-100g\/","title":{"rendered":"House Blend Escobar 100g"},"content":{"rendered":"<p>Skladna tekstura kave je obogatena z mo\u010dnimi okusi \u010dokolade in karamele, ki pridejo do izraza v prijetnem in uravnote\u017eenem pookusu.<\/p>\n<p><em>Produkt lahko kupite pri:<\/em><\/p>\n<ul>\n<li style=\"list-style-type: none;\">\n<ul>\n<li><a href=\"https:\/\/visitvrhnika.si\/en\/lokacije\/tic-vrhnika\/\"><strong>TIC Vrhnika<\/strong><\/a><\/li>\n<li><a href=\"https:\/\/visitvrhnika.si\/en\/produkt\/cankars-cup-of-coffee\/#\"><strong>Escobar<\/strong><\/a><\/li>\n<\/ul>\n<\/li>\n<\/ul>\n","protected":false},"excerpt":{"rendered":"<div class=\"contentTitle\">\n<h5><strong>100 g<\/strong><\/h5>\n<p>Skladna tekstura kave je obogatena z mo\u010dnimi okusi \u010dokolade in karamele, ki pridejo do izraza v prijetnem in uravnote\u017eenem pookusu.<\/p>\n<p><em>Produkt lahko kupite pri:<\/em><\/p>\n<ul>\n<li style=\"list-style-type: none;\">\n<ul>\n<li><a href=\"https:\/\/visitvrhnika.si\/en\/lokacije\/tic-vrhnika\/\"><strong>TIC Vrhnika<\/strong><\/a><\/li>\n<li><a href=\"https:\/\/visitvrhnika.si\/en\/produkt\/cankars-cup-of-coffee\/#\"><strong>Escobar<\/strong><\/a><\/li>\n<\/ul>\n<\/li>\n<\/ul>\n<\/div>\n","protected":false},"featured_media":2716,"template":"","meta":{"inline_featured_image":false},"product_brand":[],"product_cat":[423],"product_tag":[274],"class_list":{"0":"post-2715","1":"product","2":"type-product","3":"status-publish","4":"has-post-thumbnail","6":"product_cat-coffee","7":"product_tag-local","9":"first","10":"instock","11":"shipping-taxable","12":"product-type-external"},"acf":[],"_links":{"self":[{"href":"https:\/\/visitvrhnika.si\/en\/wp-json\/wp\/v2\/product\/2715","targetHints":{"allow":["GET"]}}],"collection":[{"href":"https:\/\/visitvrhnika.si\/en\/wp-json\/wp\/v2\/product"}],"about":[{"href":"https:\/\/visitvrhnika.si\/en\/wp-json\/wp\/v2\/types\/product"}],"wp:featuredmedia":[{"embeddable":true,"href":"https:\/\/visitvrhnika.si\/en\/wp-json\/wp\/v2\/media\/2716"}],"wp:attachment":[{"href":"https:\/\/visitvrhnika.si\/en\/wp-json\/wp\/v2\/media?parent=2715"}],"wp:term":[{"taxonomy":"product_brand","embeddable":true,"href":"https:\/\/visitvrhnika.si\/en\/wp-json\/wp\/v2\/product_brand?post=2715"},{"taxonomy":"product_cat","embeddable":true,"href":"https:\/\/visitvrhnika.si\/en\/wp-json\/wp\/v2\/product_cat?post=2715"},{"taxonomy":"product_tag","embeddable":true,"href":"https:\/\/visitvrhnika.si\/en\/wp-json\/wp\/v2\/product_tag?post=2715"}],"curies":[{"name":"wp","href":"https:\/\/api.w.org\/{rel}","templated":true}]}}