{"id":2709,"date":"2021-01-31T12:00:43","date_gmt":"2021-01-31T11:00:43","guid":{"rendered":"https:\/\/visitvrhnika.si\/en\/?post_type=product&#038;p=2709"},"modified":"2021-10-21T16:58:57","modified_gmt":"2021-10-21T14:58:57","slug":"cankars-cup-of-coffee","status":"publish","type":"product","link":"https:\/\/visitvrhnika.si\/en\/product\/cankars-cup-of-coffee\/","title":{"rendered":"Cankar&#8217;s Cup of Coffee"},"content":{"rendered":"<p>Od nekdaj smo na obisk kot znak lepe geste nosili kavo.<\/p>\n<p>Da ne bo le lepa gesta ampak tudi veselo presene\u010denje, prinesite raje okusno, sve\u017ee pra\u017eeno kavo. Vrhni\u010dan doda sve\u017ee pra\u017eeni kavi \u0161e Cankarja \u2026 torej zagate kaj odnesti na obisk ni ve\u010d.<\/p>\n<p>Pred obiskom, skok v <a href=\"https:\/\/visitvrhnika.si\/en\/lokacije\/tic-vrhnika\/\"><strong>TIC Vrhnika<\/strong><\/a>.<\/p>\n<form class=\"cart\" action=\"https:\/\/visitvrhnika.si\/en\/produkt\/pehar-suhih-hrusk-s-cokolado\/\" enctype=\"multipart\/form-data\" method=\"post\"><\/form>\n<div class=\"product_meta\"><\/div>\n","protected":false},"excerpt":{"rendered":"<h5><\/h5>\n<h5><strong>150 g<\/strong><\/h5>\n<p>Prevladujejo sadne arome in okusi, \u010duti se priokus medu, ki je ne\u017eno pikanten.<\/p>\n<p>Dodatek mleka prebudi aromo ingverja.<\/p>\n<p>&nbsp;<\/p>\n<div class=\"woocommerce-product-details__short-description\">\n<p><em>Produkt lahko kupite pri:<\/em><\/p>\n<ul>\n<li style=\"list-style-type: none;\">\n<ul>\n<li><a href=\"https:\/\/visitvrhnika.si\/en\/lokacije\/tic-vrhnika\/\"><strong>TIC Vrhnika<\/strong><\/a><\/li>\n<li><a href=\"#\"><strong>Escobar<\/strong><\/a><\/li>\n<\/ul>\n<\/li>\n<\/ul>\n<\/div>\n<form class=\"cart\" action=\"https:\/\/visitvrhnika.si\/en\/produkt\/pehar-suhih-hrusk-s-cokolado\/\" enctype=\"multipart\/form-data\" method=\"post\"><\/form>\n<div class=\"product_meta\"><\/div>\n","protected":false},"featured_media":4546,"template":"","meta":{"inline_featured_image":false},"product_brand":[],"product_cat":[423,418],"product_tag":[274],"class_list":{"0":"post-2709","1":"product","2":"type-product","3":"status-publish","4":"has-post-thumbnail","6":"product_cat-coffee","7":"product_cat-ivan-cankar","8":"product_tag-local","10":"first","11":"instock","12":"shipping-taxable","13":"purchasable","14":"product-type-simple"},"acf":[],"_links":{"self":[{"href":"https:\/\/visitvrhnika.si\/en\/wp-json\/wp\/v2\/product\/2709","targetHints":{"allow":["GET"]}}],"collection":[{"href":"https:\/\/visitvrhnika.si\/en\/wp-json\/wp\/v2\/product"}],"about":[{"href":"https:\/\/visitvrhnika.si\/en\/wp-json\/wp\/v2\/types\/product"}],"wp:featuredmedia":[{"embeddable":true,"href":"https:\/\/visitvrhnika.si\/en\/wp-json\/wp\/v2\/media\/4546"}],"wp:attachment":[{"href":"https:\/\/visitvrhnika.si\/en\/wp-json\/wp\/v2\/media?parent=2709"}],"wp:term":[{"taxonomy":"product_brand","embeddable":true,"href":"https:\/\/visitvrhnika.si\/en\/wp-json\/wp\/v2\/product_brand?post=2709"},{"taxonomy":"product_cat","embeddable":true,"href":"https:\/\/visitvrhnika.si\/en\/wp-json\/wp\/v2\/product_cat?post=2709"},{"taxonomy":"product_tag","embeddable":true,"href":"https:\/\/visitvrhnika.si\/en\/wp-json\/wp\/v2\/product_tag?post=2709"}],"curies":[{"name":"wp","href":"https:\/\/api.w.org\/{rel}","templated":true}]}}