{"id":2692,"date":"2021-01-31T10:30:40","date_gmt":"2021-01-31T09:30:40","guid":{"rendered":"https:\/\/visitvrhnika.si\/en\/?post_type=product&#038;p=2692"},"modified":"2021-06-13T18:38:59","modified_gmt":"2021-06-13T16:38:59","slug":"sladek-brk","status":"publish","type":"product","link":"https:\/\/visitvrhnika.si\/en\/product\/sladek-brk\/","title":{"rendered":"Sladek brk"},"content":{"rendered":"<h4><strong>Ro\u010dno izdelana bela in mle\u010dna \u010dokolada<\/strong><\/h4>\n<p>Imel jih je na\u0161 Ivan Cankar in danes so spet &#8220;in&#8221;.<br \/>\nBrkajte z nami in se zabavajte. Tokrat s \u010dokoladnimi brki na pal\u010dki.<br \/>\nBlond ali temna izvedba.<\/p>\n","protected":false},"excerpt":{"rendered":"<h4><strong>Ro\u010dno izdelana bela in mle\u010dna \u010dokolada<\/strong>.<\/h4>\n<p><em>Produkt lahko kupite v:<\/em><\/p>\n<ul>\n<li style=\"list-style-type: none;\">\n<ul>\n<li><a href=\"https:\/\/visitvrhnika.si\/en\/lokacije\/tic-vrhnika\/\"><strong>TIC Vrhnika<\/strong><\/a><\/li>\n<\/ul>\n<\/li>\n<\/ul>\n","protected":false},"featured_media":4564,"template":"","meta":{"inline_featured_image":false},"product_brand":[],"product_cat":[441],"product_tag":[274,419],"class_list":{"0":"post-2692","1":"product","2":"type-product","3":"status-publish","4":"has-post-thumbnail","6":"product_cat-sweets","7":"product_tag-local","8":"product_tag-sweet","10":"first","11":"instock","12":"featured","13":"shipping-taxable","14":"product-type-simple"},"acf":[],"_links":{"self":[{"href":"https:\/\/visitvrhnika.si\/en\/wp-json\/wp\/v2\/product\/2692","targetHints":{"allow":["GET"]}}],"collection":[{"href":"https:\/\/visitvrhnika.si\/en\/wp-json\/wp\/v2\/product"}],"about":[{"href":"https:\/\/visitvrhnika.si\/en\/wp-json\/wp\/v2\/types\/product"}],"wp:featuredmedia":[{"embeddable":true,"href":"https:\/\/visitvrhnika.si\/en\/wp-json\/wp\/v2\/media\/4564"}],"wp:attachment":[{"href":"https:\/\/visitvrhnika.si\/en\/wp-json\/wp\/v2\/media?parent=2692"}],"wp:term":[{"taxonomy":"product_brand","embeddable":true,"href":"https:\/\/visitvrhnika.si\/en\/wp-json\/wp\/v2\/product_brand?post=2692"},{"taxonomy":"product_cat","embeddable":true,"href":"https:\/\/visitvrhnika.si\/en\/wp-json\/wp\/v2\/product_cat?post=2692"},{"taxonomy":"product_tag","embeddable":true,"href":"https:\/\/visitvrhnika.si\/en\/wp-json\/wp\/v2\/product_tag?post=2692"}],"curies":[{"name":"wp","href":"https:\/\/api.w.org\/{rel}","templated":true}]}}