{"id":4614,"date":"2021-06-18T15:58:09","date_gmt":"2021-06-18T13:58:09","guid":{"rendered":"https:\/\/visitvrhnika.si\/en\/?page_id=4614"},"modified":"2021-10-21T12:09:48","modified_gmt":"2021-10-21T10:09:48","slug":"privacy-policy","status":"publish","type":"page","link":"https:\/\/visitvrhnika.si\/en\/privacy-policy\/","title":{"rendered":"Privacy Policy"},"content":{"rendered":"\t\t<div data-elementor-type=\"wp-page\" data-elementor-id=\"4614\" class=\"elementor elementor-4614\">\n\t\t\t\t\t\t<section class=\"elementor-section elementor-top-section elementor-element elementor-element-469df96d elementor-section-boxed elementor-section-height-default elementor-section-height-default\" data-id=\"469df96d\" data-element_type=\"section\">\n\t\t\t\t\t\t<div class=\"elementor-container elementor-column-gap-default\">\n\t\t\t\t\t<div class=\"elementor-column elementor-col-100 elementor-top-column elementor-element elementor-element-7b0d0dbe\" data-id=\"7b0d0dbe\" data-element_type=\"column\">\n\t\t\t<div class=\"elementor-widget-wrap elementor-element-populated\">\n\t\t\t\t\t\t<div class=\"elementor-element elementor-element-1326a6b1 elementor-widget elementor-widget-text-editor\" data-id=\"1326a6b1\" data-element_type=\"widget\" data-widget_type=\"text-editor.default\">\n\t\t\t\t<div class=\"elementor-widget-container\">\n\t\t\t\t\t\t\t\t\t<div>\n<h2>Politika varstva osebnih podatkov (politika zasebnosti)<\/h2>\n<div>&nbsp;<\/div>\n<div>\n<div>Ta politika varstva zasebnosti in uporabe pi\u0161kotkov velja za vsakogar, ki se skladno s Splo\u0161nimi pogoji poslovanja in uporabe spletnega mesta www.visitvrhnika.si\/en \u0161teje za uporabnika ter za celotno spletno mesto, vklju\u010dno z njegovimi podstranmi.<\/div>\n<div>&nbsp;<\/div>\n<div>Uporabnik je vsaka pravna ali fizi\u010dna oseba, ki uporablja oziroma obi\u0161\u010de spletno mesto www.visitvrhnika.si\/en (v nadaljevanju: uporabnik).<\/div>\n<div>&nbsp;<\/div>\n<div>Kupec je vsaka pravna ali fizi\u010dna oseba, ki v skladu s Splo\u0161nimi pogoji poslovanja in uporabe spletnega mesta sklene eno izmed pogodb (v nadaljevanju: kupec).<\/div>\n<div>&nbsp;<\/div>\n<div>Z uporabo spletnega mesta, uporabnik potrjuje, da se strinja s to Politiko varstva zasebnosti in pi\u0161kotkov. Uporabnik se z nadaljnjo uporabo spletnega mesta strinja s spremembami.<\/div>\n<\/div>\n<div>&nbsp;<\/div>\n<div>&nbsp;<\/div>\n<\/div>\t\t\t\t\t\t\t\t<\/div>\n\t\t\t\t<\/div>\n\t\t\t\t\t<\/div>\n\t\t<\/div>\n\t\t\t\t\t<\/div>\n\t\t<\/section>\n\t\t\t\t<\/div>\n\t\t","protected":false},"excerpt":{"rendered":"<p>Politika varstva osebnih podatkov (politika zasebnosti) &nbsp; Ta politika varstva zasebnosti in uporabe pi\u0161kotkov velja za vsakogar, ki se skladno s Splo\u0161nimi pogoji poslovanja in uporabe spletnega mesta www.visitvrhnika.si\/en \u0161teje za uporabnika ter za celotno spletno mesto, vklju\u010dno z njegovimi podstranmi. &nbsp; Uporabnik je vsaka pravna ali fizi\u010dna oseba, ki uporablja oziroma obi\u0161\u010de spletno mesto [&hellip;]<\/p>\n","protected":false},"author":1,"featured_media":0,"parent":0,"menu_order":0,"comment_status":"closed","ping_status":"closed","template":"","meta":{"inline_featured_image":false,"footnotes":""},"class_list":["post-4614","page","type-page","status-publish","hentry"],"acf":[],"_links":{"self":[{"href":"https:\/\/visitvrhnika.si\/en\/wp-json\/wp\/v2\/pages\/4614","targetHints":{"allow":["GET"]}}],"collection":[{"href":"https:\/\/visitvrhnika.si\/en\/wp-json\/wp\/v2\/pages"}],"about":[{"href":"https:\/\/visitvrhnika.si\/en\/wp-json\/wp\/v2\/types\/page"}],"author":[{"embeddable":true,"href":"https:\/\/visitvrhnika.si\/en\/wp-json\/wp\/v2\/users\/1"}],"replies":[{"embeddable":true,"href":"https:\/\/visitvrhnika.si\/en\/wp-json\/wp\/v2\/comments?post=4614"}],"version-history":[{"count":1,"href":"https:\/\/visitvrhnika.si\/en\/wp-json\/wp\/v2\/pages\/4614\/revisions"}],"predecessor-version":[{"id":5958,"href":"https:\/\/visitvrhnika.si\/en\/wp-json\/wp\/v2\/pages\/4614\/revisions\/5958"}],"wp:attachment":[{"href":"https:\/\/visitvrhnika.si\/en\/wp-json\/wp\/v2\/media?parent=4614"}],"curies":[{"name":"wp","href":"https:\/\/api.w.org\/{rel}","templated":true}]}}