{"id":4495,"date":"2021-06-13T14:04:49","date_gmt":"2021-06-13T12:04:49","guid":{"rendered":"https:\/\/visitvrhnika.si\/en\/?page_id=4495"},"modified":"2021-10-21T12:09:25","modified_gmt":"2021-10-21T10:09:25","slug":"cookies","status":"publish","type":"page","link":"https:\/\/visitvrhnika.si\/en\/cookies\/","title":{"rendered":"Cookie Policy"},"content":{"rendered":"\t\t<div data-elementor-type=\"wp-page\" data-elementor-id=\"4495\" class=\"elementor elementor-4495\">\n\t\t\t\t\t\t<section class=\"elementor-section elementor-top-section elementor-element elementor-element-469df96d elementor-section-boxed elementor-section-height-default elementor-section-height-default\" data-id=\"469df96d\" data-element_type=\"section\">\n\t\t\t\t\t\t<div class=\"elementor-container elementor-column-gap-default\">\n\t\t\t\t\t<div class=\"elementor-column elementor-col-100 elementor-top-column elementor-element elementor-element-7b0d0dbe\" data-id=\"7b0d0dbe\" data-element_type=\"column\">\n\t\t\t<div class=\"elementor-widget-wrap elementor-element-populated\">\n\t\t\t\t\t\t<div class=\"elementor-element elementor-element-1326a6b1 elementor-widget elementor-widget-text-editor\" data-id=\"1326a6b1\" data-element_type=\"widget\" data-widget_type=\"text-editor.default\">\n\t\t\t\t<div class=\"elementor-widget-container\">\n\t\t\t\t\t\t\t\t\t<div class=\"cli_pg_page_contaner\">\n<h3>&nbsp;<\/h3>\n<h3>O politiki pi\u0161kotkov<\/h3>\n<div>Ta politika o pi\u0161kotkih pojasnjuje, kaj so pi\u0161kotki in kako jih uporabljamo, vrste pi\u0161kotkov, ki jih uporabljamo, tj. Podatke, ki jih zbiramo s pomo\u010djo pi\u0161kotkov, in kako se te informacije uporabljajo ter kako nadzirati nastavitve pi\u0161kotkov. Za nadaljnje informacije o tem, kako uporabljamo, shranjujemo in varujemo va\u0161e osebne podatke, glejte na\u0161o politiko zasebnosti. Svojo privolitev lahko kadar koli spremenite ali umaknete iz izjave o pi\u0161kotkih na na\u0161i spletni strani. V na\u0161em pravilniku o zasebnosti preberite ve\u010d o tem, kdo smo, kako lahko stopite v stik z nami in kako obdelujemo osebne podatke.<\/div>\n<div>Va\u0161e soglasje velja za naslednje domene: visitvrhnika.si\/en<\/div>\n<div><br><\/div>\n<h4><b><div class=\"cli_user_consent_state\">Your current state: No consent given. <a class=\"cli_manage_current_consent\" style=\"cursor:pointer;text-decoration:underline;\">Manage your consent.<\/a> <\/div><\/b><\/h4>\n<h3>&nbsp;<\/h3>\n<h3>Kaj so pi\u0161kotki?<\/h3>\n<div>Pi\u0161kotki so majhne besedilne datoteke, ki se uporabljajo za shranjevanje majhnih podatkov. Ko se spletno mesto nalo\u017ei v brskalnik, se shranijo v va\u0161i napravi. Ti pi\u0161kotki nam pomagajo, da spletno mesto pravilno deluje, postane bolj varno, zagotavlja bolj\u0161o uporabni\u0161ko izku\u0161njo in razumemo, kako deluje spletno mesto, ter analiziramo, kaj deluje in kje je treba izbolj\u0161ati.<\/div>\n<h3>&nbsp;<\/h3>\n<h3>Kako uporabljamo pi\u0161kotke?<\/h3>\n<div>Kot ve\u010dina spletnih storitev tudi na\u0161a spletna stran za ve\u010d namenov uporablja lastne in tuje pi\u0161kotke. Lastni pi\u0161kotki so ve\u010dinoma potrebni za pravilno delovanje spletnega mesta in ne zbirajo nobenih va\u0161ih osebnih podatkov.Pi\u0161kotki tretjih oseb, ki se uporabljajo na na\u0161i spletni strani, so namenjeni predvsem razumevanju, kako deluje spletno mesto, kako komunicirate z na\u0161o spletno stranjo, zagotavljanju varnosti na\u0161ih storitev, zagotavljanju oglasov, ki so za vas pomembni, in vsem skupaj zagotavljanju bolj\u0161ega in izbolj\u0161anega uporabnika izku\u0161nje in vam pomagajo pospe\u0161iti prihodnje interakcije z na\u0161im spletnim mestom.<\/div>\n<h3>&nbsp;<\/h3>\n<h3>Katere vrste pi\u0161kotkov uporabljamo?<\/h3>\n<div><b>Bistveno: <\/b>Nekateri pi\u0161kotki so bistvenega pomena, da lahko izkusite popolno funkcionalnost na\u0161ega spletnega mesta. Omogo\u010dajo nam vzdr\u017eevanje uporabni\u0161kih sej in prepre\u010devanje kakr\u0161nih koli varnostnih gro\u017eenj. Ne zbirajo in ne shranjujejo nobenih osebnih podatkov. Ti pi\u0161kotki vam na primer omogo\u010dajo prijavo v ra\u010dun in dodajanje izdelkov v ko\u0161arico ter varno pla\u010devanje.<\/div>\n<div>&nbsp;<\/div>\n<div><b>Statistika:<\/b> Ti pi\u0161kotki shranjujejo podatke, kot so \u0161tevilo obiskovalcev spletnega mesta, \u0161tevilo edinstvenih obiskovalcev, katere strani spletnega mesta so bile obiskane, vir obiska itd. Ti podatki nam pomagajo razumeti in analizirati, kako dobro deluje spletno mesto in kjer ga je treba izbolj\u0161ati.<\/div>\n<div>&nbsp;<\/div>\n<div><b>Tr\u017eenje:<\/b> Na na\u0161em spletnem mestu so prikazani oglasi. Ti pi\u0161kotki se uporabljajo za prilagajanje oglasov, ki vam jih prika\u017eemo, tako da so za vas pomembni. Ti pi\u0161kotki nam pomagajo tudi pri spremljanju u\u010dinkovitosti teh ogla\u0161evalskih akcij. Informacije, shranjene v teh pi\u0161kotkih, lahko neodvisni ponudniki oglasov uporabijo tudi za prikaz oglasov na drugih spletnih mestih v brskalniku.<\/div>\n<div>&nbsp;<\/div>\n<div><b>Funkcionalno:<\/b> To so pi\u0161kotki, ki pomagajo nekaterim nebistvenim funkcionalnostim na\u0161ega spletnega mesta. Te funkcionalnosti vklju\u010dujejo vdelavo vsebine, kot so videoposnetki, ali skupno rabo vsebine spletnega mesta na platformah dru\u017eabnih medijev.Nastavitve: Ti pi\u0161kotki nam pomagajo shraniti va\u0161e nastavitve in nastavitve brskanja, kot so jezikovne nastavitve, tako da imate bolj\u0161o in u\u010dinkovitej\u0161o izku\u0161njo ob prihodnjih obiskih spletnega mesta.<\/div>\n<div><p>TSpodnji seznam podrobno opisuje pi\u0161kotke, uporabljene na na\u0161i spletni strani.<\/p><table class=\"cookielawinfo-row-cat-table cookielawinfo-classic\"><thead><tr><th class=\"cookielawinfo-column-1\">Cookie<\/th><th class=\"cookielawinfo-column-4\">Description<\/th><\/tr><\/thead><tbody><tr class=\"cookielawinfo-row\"><td class=\"cookielawinfo-column-1\">_ga<\/td><td class=\"cookielawinfo-column-4\">Google Analytics: Statistika ogledov spletne strani.<\/td><\/tr><tr class=\"cookielawinfo-row\"><td class=\"cookielawinfo-column-1\">cookielawinfo-checbox-analytics<\/td><td class=\"cookielawinfo-column-4\">Ta pi\u0161kotek nastavi vti\u010dnik GDPR Cookie Consent. Pi\u0161kotek se uporablja za shranjevanje soglasja uporabnika za pi\u0161kotke v kategoriji &#8220;Analitika&#8221;.<\/td><\/tr><tr class=\"cookielawinfo-row\"><td class=\"cookielawinfo-column-1\">cookielawinfo-checbox-functional<\/td><td class=\"cookielawinfo-column-4\">Pi\u0161kotek je nastavljen s soglasjem pi\u0161kotka GDPR, da zabele\u017ei soglasje uporabnika za pi\u0161kotke v kategoriji &#8220;Funkcionalni pi\u0161kotki&#8221;.<\/td><\/tr><tr class=\"cookielawinfo-row\"><td class=\"cookielawinfo-column-1\">cookielawinfo-checbox-others<\/td><td class=\"cookielawinfo-column-4\">Ta pi\u0161kotek nastavi vti\u010dnik GDPR Cookie Consent. Pi\u0161kotek se uporablja za shranjevanje soglasja uporabnika za pi\u0161kotke v kategoriji &#8220;Drugo&#8221;.<\/td><\/tr><tr class=\"cookielawinfo-row\"><td class=\"cookielawinfo-column-1\">cookielawinfo-checkbox-necessary<\/td><td class=\"cookielawinfo-column-4\">Ta pi\u0161kotek nastavi vti\u010dnik GDPR Cookie Consent. Pi\u0161kotki se uporabljajo za shranjevanje soglasja uporabnika za pi\u0161kotke v kategoriji &#8220;Nujno potrebni pi\u0161kotki&#8221;.<\/td><\/tr><tr class=\"cookielawinfo-row\"><td class=\"cookielawinfo-column-1\">cookielawinfo-checkbox-performance<\/td><td class=\"cookielawinfo-column-4\">Ta pi\u0161kotek nastavi vti\u010dnik GDPR Cookie Consent. Pi\u0161kotek se uporablja za shranjevanje soglasja uporabnika za pi\u0161kotke v kategoriji &#8220;Uspe\u0161nost&#8221;.<\/td><\/tr><tr class=\"cookielawinfo-row\"><td class=\"cookielawinfo-column-1\">viewed_cookie_policy<\/td><td class=\"cookielawinfo-column-4\">Pi\u0161kotek nastavi vti\u010dnik za soglasje pi\u0161kotkov GDPR in se uporablja za shranjevanje, ali je uporabnik privolil v uporabo pi\u0161kotkov ali ne. Ne hrani nobenih osebnih podatkov.<\/td><\/tr><tr class=\"cookielawinfo-row\"><td class=\"cookielawinfo-column-1\">woocommerce_recently_viewed<\/td><td class=\"cookielawinfo-column-4\">Pi\u0161kotek uporabljamo za prikaz zadnjih pregledanih artiklov iz ponudbe &#8220;Spominki in Dobrote&#8221;.<\/td><\/tr><\/tbody><\/table><\/div>\n<h3>&nbsp;<\/h3>\n<h3>Kako lahko nadzorujem nastavitve pi\u0161kotkov?<\/h3>\n<div>\u010ce se pozneje med brskanjem odlo\u010dite spremeniti svoje nastavitve, lahko na zaslonu kliknete zavihek \u00bbPravilnik o zasebnosti in pi\u0161kotkih\u00ab. Ponovno bo prikazano obvestilo o soglasju, ki vam bo omogo\u010dilo, da spremenite svoje nastavitve ali v celoti umaknete soglasje.Poleg tega razli\u010dni brskalniki ponujajo razli\u010dne metode za blokiranje in brisanje pi\u0161kotkov, ki jih uporabljajo spletna mesta. Nastavitve brskalnika lahko spremenite tako, da pi\u0161kotke blokirate \/ izbri\u0161ete. \u010ce \u017eelite izvedeti ve\u010d o upravljanju in brisanju pi\u0161kotkov, obi\u0161\u010dite wikipedia.org,&nbsp;www.allaboutcookies.org.<\/div>\n<div>&nbsp;<\/div>\n<div>&nbsp;<\/div>\n<\/div>\t\t\t\t\t\t\t\t<\/div>\n\t\t\t\t<\/div>\n\t\t\t\t\t<\/div>\n\t\t<\/div>\n\t\t\t\t\t<\/div>\n\t\t<\/section>\n\t\t\t\t<\/div>\n\t\t","protected":false},"excerpt":{"rendered":"<p>&nbsp; O politiki pi\u0161kotkov Ta politika o pi\u0161kotkih pojasnjuje, kaj so pi\u0161kotki in kako jih uporabljamo, vrste pi\u0161kotkov, ki jih uporabljamo, tj. Podatke, ki jih zbiramo s pomo\u010djo pi\u0161kotkov, in kako se te informacije uporabljajo ter kako nadzirati nastavitve pi\u0161kotkov. Za nadaljnje informacije o tem, kako uporabljamo, shranjujemo in varujemo va\u0161e osebne podatke, glejte na\u0161o [&hellip;]<\/p>\n","protected":false},"author":1,"featured_media":0,"parent":0,"menu_order":0,"comment_status":"closed","ping_status":"closed","template":"","meta":{"inline_featured_image":false,"footnotes":""},"class_list":["post-4495","page","type-page","status-publish","hentry"],"acf":[],"_links":{"self":[{"href":"https:\/\/visitvrhnika.si\/en\/wp-json\/wp\/v2\/pages\/4495","targetHints":{"allow":["GET"]}}],"collection":[{"href":"https:\/\/visitvrhnika.si\/en\/wp-json\/wp\/v2\/pages"}],"about":[{"href":"https:\/\/visitvrhnika.si\/en\/wp-json\/wp\/v2\/types\/page"}],"author":[{"embeddable":true,"href":"https:\/\/visitvrhnika.si\/en\/wp-json\/wp\/v2\/users\/1"}],"replies":[{"embeddable":true,"href":"https:\/\/visitvrhnika.si\/en\/wp-json\/wp\/v2\/comments?post=4495"}],"version-history":[{"count":1,"href":"https:\/\/visitvrhnika.si\/en\/wp-json\/wp\/v2\/pages\/4495\/revisions"}],"predecessor-version":[{"id":5957,"href":"https:\/\/visitvrhnika.si\/en\/wp-json\/wp\/v2\/pages\/4495\/revisions\/5957"}],"wp:attachment":[{"href":"https:\/\/visitvrhnika.si\/en\/wp-json\/wp\/v2\/media?parent=4495"}],"curies":[{"name":"wp","href":"https:\/\/api.w.org\/{rel}","templated":true}]}}